{"id":666,"date":"2025-05-04T18:39:22","date_gmt":"2025-05-04T16:39:22","guid":{"rendered":"https:\/\/bro-production.com\/?page_id=666"},"modified":"2025-09-16T15:29:59","modified_gmt":"2025-09-16T13:29:59","slug":"impressum","status":"publish","type":"page","link":"https:\/\/bro-production.com\/en\/impressum\/","title":{"rendered":"Impressum"},"content":{"rendered":"<h2 class=\"wp-block-heading\">Angaben gem\u00e4\u00df \u00a7 5 TMG<\/h2>\n\n\n\n<p>Brandex Digital Marketing EST.<br>Property Investment Office 4<br>Dubai Investment Park First<br>Dubai, Vereinigte Arabische Emirate<\/p>\n\n\n\n<h2 class=\"wp-block-heading\">Kontakt<\/h2>\n\n\n\n<p>E-Mail: info@bro-production.com<br>Website: <a href=\"https:\/\/bro-production.com\/en\/\">https:\/\/bro-production.com\/<\/a><\/p>\n\n\n\n<h2 class=\"wp-block-heading\">Rechtlicher Hinweis<\/h2>\n\n\n\n<p>Dieses Impressum wurde gem\u00e4\u00df den Anforderungen der Vereinigten Arabischen Emirate erstellt und entspricht den geltenden Bestimmungen der Dubai Electronic Transactions and Commerce Law.<\/p>\n\n\n\n<h2 class=\"wp-block-heading\">Haftungsausschluss<\/h2>\n\n\n\n<p>Die Inhalte unserer Seiten wurden mit gr\u00f6\u00dfter Sorgfalt erstellt. F\u00fcr die Richtigkeit, Vollst\u00e4ndigkeit und Aktualit\u00e4t der Inhalte k\u00f6nnen wir jedoch keine Gew\u00e4hr \u00fcbernehmen.<\/p>\n\n\n\n<h2 class=\"wp-block-heading\">Links zu anderen Websites<\/h2>\n\n\n\n<p>Unser Angebot enth\u00e4lt Links zu externen Websites, auf deren Inhalte wir keinen Einfluss haben. Deshalb k\u00f6nnen wir f\u00fcr diese fremden Inhalte keine Haftung \u00fcbernehmen.<\/p>\n\n\n\n<h2 class=\"wp-block-heading\">Urheberrecht<\/h2>\n\n\n\n<p>Alle Inhalte dieser Website sind urheberrechtlich gesch\u00fctzt und Eigentum von Brandex Digital Marketing EST.<\/p>\n\n\n\n<p>Stand: 04.05.2025<\/p>","protected":false},"excerpt":{"rendered":"<p>Angaben gem\u00e4\u00df \u00a7 5 TMG Brandex Digital Marketing EST.Property Investment Office 4Dubai Investment Park FirstDubai, Vereinigte Arabische Emirate Kontakt E-Mail: info@bro-production.comWebsite: https:\/\/bro-production.com\/ Rechtlicher Hinweis Dieses Impressum wurde gem\u00e4\u00df den Anforderungen der Vereinigten Arabischen Emirate erstellt und entspricht den geltenden Bestimmungen der Dubai Electronic Transactions and Commerce Law. Haftungsausschluss Die Inhalte unserer Seiten wurden mit gr\u00f6\u00dfter [&hellip;]<\/p>\n","protected":false},"author":5,"featured_media":0,"parent":0,"menu_order":0,"comment_status":"closed","ping_status":"closed","template":"page-template-blank.php","meta":{"_et_pb_use_builder":"off","_et_pb_old_content":"","_et_gb_content_width":"1080","content-type":"","order-bump-settings":[],"_wpfnl_thankyou_order_overview":"on","_wpfnl_thankyou_order_details":"on","_wpfnl_thankyou_billing_details":"on","_wpfnl_thankyou_shipping_details":"on","footnotes":""},"class_list":["post-666","page","type-page","status-publish","hentry"],"jetpack_sharing_enabled":true,"_links":{"self":[{"href":"https:\/\/bro-production.com\/en\/wp-json\/wp\/v2\/pages\/666","targetHints":{"allow":["GET"]}}],"collection":[{"href":"https:\/\/bro-production.com\/en\/wp-json\/wp\/v2\/pages"}],"about":[{"href":"https:\/\/bro-production.com\/en\/wp-json\/wp\/v2\/types\/page"}],"author":[{"embeddable":true,"href":"https:\/\/bro-production.com\/en\/wp-json\/wp\/v2\/users\/5"}],"replies":[{"embeddable":true,"href":"https:\/\/bro-production.com\/en\/wp-json\/wp\/v2\/comments?post=666"}],"version-history":[{"count":2,"href":"https:\/\/bro-production.com\/en\/wp-json\/wp\/v2\/pages\/666\/revisions"}],"predecessor-version":[{"id":681,"href":"https:\/\/bro-production.com\/en\/wp-json\/wp\/v2\/pages\/666\/revisions\/681"}],"wp:attachment":[{"href":"https:\/\/bro-production.com\/en\/wp-json\/wp\/v2\/media?parent=666"}],"curies":[{"name":"wp","href":"https:\/\/api.w.org\/{rel}","templated":true}]}}